{"id":359,"date":"2016-11-14T19:49:10","date_gmt":"2016-11-15T00:49:10","guid":{"rendered":"http:\/\/tacoma.certapro.com\/?page_id=359"},"modified":"2016-11-17T17:04:02","modified_gmt":"2016-11-17T22:04:02","slug":"buscamos-pintores-de-1a-calidad-con-normas-de-1a-calidad","status":"publish","type":"page","link":"https:\/\/certapro.com\/tacoma\/buscamos-pintores-de-1a-calidad-con-normas-de-1a-calidad\/","title":{"rendered":"Buscamos Pintores de 1\u00aa calidad con Normas de 1\u00aa Calidad"},"content":{"rendered":"<h3 class=\"widget-title\">CertaPro Painters\u00ae busca pintores excelentes a quienes les gusta tratar con la gente.<\/h3>\n<p>CertaPro Painters\u00ae est\u00e1 buscando pintores excelentes que saben c\u00f3mo atender a sus clientes. Porque sabemos que te gusta tu trabajo y te enorgulleces de su calidad, CertaPro Painters es el lugar para los pintores excelentes que toman en serio su trabajo y nunca hacen ning\u00fan compromiso con la calidad ni con la satisfacci\u00f3n del cliente. Si esto te describe a ti, queremos hablar contigo.<\/p>\n<p>Nuestros pintores casi siempre est\u00e1n ocupados desempe\u00f1ando un trabajo sobresaliente y atendiendo muy bien a nuestros clientes. Tenemos menos d\u00edas libres que nuestra competencia. Eso significa que t\u00fa ganas constantemente, por lo que puedes mantenerte a ti y a tus seres queridos, ahora y en el futuro.<\/p>\n<p><strong>Estas son las ventajas de trabajar para CertaPro:<\/strong><\/p>\n<ul>\n<li>Conservas tu independencia y te haces cargo de tus proyectos.<\/li>\n<li>Invertimos mucho en mercadotecnia y publicidad para mantenerte ocupado con nuevos trabajos.<\/li>\n<li>Si eres subcontratista, puedes conservar tu equipo y reclutar a tus nuevos trabajadores. T\u00fa decides con quien trabajas.<\/li>\n<li>Recibes tu dinero r\u00e1pidamente \u2013 solo a pocos d\u00edas tras finalizar el trabajo.<\/li>\n<li>CertaPro se encarga del \u201cnegocio de administrar el negocio\u201d \u2013 t\u00fa te haces cargo del trabajo y del cliente.<\/li>\n<li>Somos una compa\u00f1\u00eda establecida y creciente administrada por due\u00f1os locales. Nuestro tama\u00f1o y estabilidad te dan la tranquilidad que estaremos aqu\u00ed en el futuro y tu podr\u00e1s crecer con nosotros para que tus sue\u00f1os se vuelvan realidad.<\/li>\n<\/ul>\n<p>Si eres un pintor de 1\u00aa calidad con normas de 1\u00aa calidad, queremos hablar contigo. Si cumples con nuestras normas, \u00fanete a nuestro equipo. Si trabajas con nosotros por un mes, nunca querr\u00e1s dejarnos. Ll\u00e1manos al 253-888-0914&nbsp; <a href=\"http:\/\/www.certapro.com\/painter-jobs.aspx\">www.certapro.com\/painter-jobs.aspx<\/a><\/p>\n<p><strong>T\u00fa te encargas del trabajo.<\/strong><\/p>\n<p><strong>Nosotros nos encargamos de todo lo dem\u00e1s.<\/strong><\/p>\n<p><img decoding=\"async\" class=\"alignnone size-full wp-image-361\" src=\"https:\/\/pub-9fc1f065f07e441b8f35365c774f09ae.r2.dev\/uploads\/sites\/1354\/2016\/11\/CPP_LOGO.jpg\" alt=\"cpp_logo\" width=\"276\" height=\"74\" srcset=\"https:\/\/pub-9fc1f065f07e441b8f35365c774f09ae.r2.dev\/uploads\/sites\/1354\/2016\/11\/CPP_LOGO.jpg 276w, https:\/\/tacoma.certapro.com\/wp-content\/uploads\/sites\/1354\/2016\/11\/CPP_LOGO-272x74.jpg 272w\" sizes=\"(max-width: 276px) 100vw, 276px\"><\/p>\n<p>Tu Socio en la Pintura.&nbsp;<\/p>\n<p>&nbsp;<\/p>\n","protected":false},"excerpt":{"rendered":"<p>CertaPro Painters\u00ae busca pintores excelentes a quienes les gusta tratar con la gente. CertaPro Painters\u00ae est\u00e1 buscando pintores excelentes que saben c\u00f3mo atender a sus clientes. Porque sabemos que te gusta tu trabajo y te enorgulleces de su calidad, CertaPro Painters es el lugar para los pintores excelentes que toman en serio su trabajo y<a class=\"read-more-link\" href=\"https:\/\/certapro.com\/tacoma\/buscamos-pintores-de-1a-calidad-con-normas-de-1a-calidad\/\">Read the full article <em class=\"fa fa-angle-double-right\" aria-hidden=\"true\"><\/em><\/a><\/p>\n","protected":false},"author":15,"featured_media":0,"parent":0,"menu_order":0,"comment_status":"closed","ping_status":"closed","template":"page.php","meta":{"footnotes":""},"categories":[13],"tags":[],"class_list":["post-359","page","type-page","status-publish","hentry","category-careers"],"acf":[],"_links":{"self":[{"href":"https:\/\/certapro.com\/tacoma\/wp-json\/wp\/v2\/pages\/359","targetHints":{"allow":["GET"]}}],"collection":[{"href":"https:\/\/certapro.com\/tacoma\/wp-json\/wp\/v2\/pages"}],"about":[{"href":"https:\/\/certapro.com\/tacoma\/wp-json\/wp\/v2\/types\/page"}],"author":[{"embeddable":true,"href":"https:\/\/certapro.com\/tacoma\/wp-json\/wp\/v2\/users\/15"}],"replies":[{"embeddable":true,"href":"https:\/\/certapro.com\/tacoma\/wp-json\/wp\/v2\/comments?post=359"}],"version-history":[{"count":0,"href":"https:\/\/certapro.com\/tacoma\/wp-json\/wp\/v2\/pages\/359\/revisions"}],"wp:attachment":[{"href":"https:\/\/certapro.com\/tacoma\/wp-json\/wp\/v2\/media?parent=359"}],"wp:term":[{"taxonomy":"category","embeddable":true,"href":"https:\/\/certapro.com\/tacoma\/wp-json\/wp\/v2\/categories?post=359"},{"taxonomy":"post_tag","embeddable":true,"href":"https:\/\/certapro.com\/tacoma\/wp-json\/wp\/v2\/tags?post=359"}],"curies":[{"name":"wp","href":"https:\/\/api.w.org\/{rel}","templated":true}]}}