{"id":1008,"date":"2017-02-17T22:23:01","date_gmt":"2017-02-18T03:23:01","guid":{"rendered":"http:\/\/pasadena.certapro.com\/?page_id=1008"},"modified":"2024-05-09T13:55:06","modified_gmt":"2024-05-09T17:55:06","slug":"empazar-a-trabaja-hoy","status":"publish","type":"page","link":"https:\/\/certapro.com\/pasadena\/empazar-a-trabaja-hoy\/","title":{"rendered":"Estamos Contratando Pintores Inmediatamente!"},"content":{"rendered":"<p>Trabajo seguro todo el a\u00f1o.<\/p>\n<p>Ustedes respetan a los clientes y nosotros los respetamos a ustedes.<\/p>\n<p>Llame, correo electr\u00f3nico o llene la aplicaci\u00f3n de trabajo abajo para comenz<\/p>\n<p><strong>Esta solicitud es para trabajar para CertaPro Painters of Pasadena. Debe estar ubicado cerca de Pasadena, CA.<\/strong><\/p>\n<p><script type=\"text\/javascript\" src=\"https:\/\/form.jotform.com\/jsform\/241126733038148\"><span data-mce-type=\"bookmark\" style=\"display: inline-block; width: 0px; overflow: hidden; line-height: 0;\" class=\"mce_SELRES_start\">\ufeff<\/span><\/script><\/p>\n","protected":false},"excerpt":{"rendered":"<p>Trabajo seguro todo el a\u00f1o. Ustedes respetan a los clientes y nosotros los respetamos a ustedes. Llame, correo electr\u00f3nico o llene la aplicaci\u00f3n de trabajo abajo para comenz Esta solicitud es para trabajar para CertaPro Painters of Pasadena. Debe estar ubicado cerca de Pasadena, CA.<\/p>\n","protected":false},"author":11,"featured_media":0,"parent":0,"menu_order":0,"comment_status":"closed","ping_status":"closed","template":"","meta":{"footnotes":""},"categories":[],"tags":[],"class_list":["post-1008","page","type-page","status-publish","hentry"],"acf":[],"_links":{"self":[{"href":"https:\/\/certapro.com\/pasadena\/wp-json\/wp\/v2\/pages\/1008","targetHints":{"allow":["GET"]}}],"collection":[{"href":"https:\/\/certapro.com\/pasadena\/wp-json\/wp\/v2\/pages"}],"about":[{"href":"https:\/\/certapro.com\/pasadena\/wp-json\/wp\/v2\/types\/page"}],"author":[{"embeddable":true,"href":"https:\/\/certapro.com\/pasadena\/wp-json\/wp\/v2\/users\/11"}],"replies":[{"embeddable":true,"href":"https:\/\/certapro.com\/pasadena\/wp-json\/wp\/v2\/comments?post=1008"}],"version-history":[{"count":0,"href":"https:\/\/certapro.com\/pasadena\/wp-json\/wp\/v2\/pages\/1008\/revisions"}],"wp:attachment":[{"href":"https:\/\/certapro.com\/pasadena\/wp-json\/wp\/v2\/media?parent=1008"}],"wp:term":[{"taxonomy":"category","embeddable":true,"href":"https:\/\/certapro.com\/pasadena\/wp-json\/wp\/v2\/categories?post=1008"},{"taxonomy":"post_tag","embeddable":true,"href":"https:\/\/certapro.com\/pasadena\/wp-json\/wp\/v2\/tags?post=1008"}],"curies":[{"name":"wp","href":"https:\/\/api.w.org\/{rel}","templated":true}]}}