{"id":2514,"date":"2021-08-02T13:03:00","date_gmt":"2021-08-02T17:03:00","guid":{"rendered":"https:\/\/certapro.com\/north-san-diego\/estamos-contratando-pintores-inmediatamente-copy\/"},"modified":"2024-02-13T22:58:18","modified_gmt":"2024-02-14T03:58:18","slug":"estamos-contratando-pintores-inmediatamente","status":"publish","type":"page","link":"https:\/\/certapro.com\/north-san-diego\/estamos-contratando-pintores-inmediatamente\/","title":{"rendered":"Estamos Contratando Pintores Inmediatamente!"},"content":{"rendered":"<p>Trabajo seguro todo el a\u00f1o.<\/p>\n<p>Ustedes respetan a los clientes y nosotros los respetamos a ustedes.<\/p>\n<p>Llame, correo electr\u00f3nico o llene la aplicaci\u00f3n de trabajo abajo para comenz.<\/p>\n<div id=\"wufoo-z1mictw1uv22bh\">Fill out my <a href=\"https:\/\/certapro.wufoo.com\/forms\/z1mictw1uv22bh\">online form<\/a>.<\/div>\n<p><script type=\"text\/javascript\"> var z1mictw1uv22bh; (function(d, t) { var s = d.createElement(t), options = { 'userName':'certapro', 'formHash':'z1mictw1uv22bh', 'autoResize':true, 'height':'785', 'async':true, 'host':'wufoo.com', 'header':'show', 'ssl':true }; s.src = ('https:' == d.location.protocol ?'https:\/\/':'http:\/\/') + 'secure.wufoo.com\/scripts\/embed\/form.js'; s.onload = s.onreadystatechange = function() { var rs = this.readyState; if (rs) if (rs != 'complete') if (rs != 'loaded') return; try { z1mictw1uv22bh = new WufooForm(); z1mictw1uv22bh.initialize(options); z1mictw1uv22bh.display(); } catch (e) { } }; var scr = d.getElementsByTagName(t)[0], par = scr.parentNode; par.insertBefore(s, scr); })(document, 'script'); <\/script><\/p>\n","protected":false},"excerpt":{"rendered":"<p>Trabajo seguro todo el a\u00f1o. Ustedes respetan a los clientes y nosotros los respetamos a ustedes. Llame, correo electr\u00f3nico o llene la aplicaci\u00f3n de trabajo abajo para comenz. Fill out my online form.<\/p>\n","protected":false},"author":11,"featured_media":0,"parent":0,"menu_order":0,"comment_status":"closed","ping_status":"closed","template":"page-dynamic-fields-full-width.php","meta":{"footnotes":""},"categories":[],"tags":[],"class_list":["post-2514","page","type-page","status-publish","hentry"],"acf":[],"_links":{"self":[{"href":"https:\/\/certapro.com\/north-san-diego\/wp-json\/wp\/v2\/pages\/2514","targetHints":{"allow":["GET"]}}],"collection":[{"href":"https:\/\/certapro.com\/north-san-diego\/wp-json\/wp\/v2\/pages"}],"about":[{"href":"https:\/\/certapro.com\/north-san-diego\/wp-json\/wp\/v2\/types\/page"}],"author":[{"embeddable":true,"href":"https:\/\/certapro.com\/north-san-diego\/wp-json\/wp\/v2\/users\/11"}],"replies":[{"embeddable":true,"href":"https:\/\/certapro.com\/north-san-diego\/wp-json\/wp\/v2\/comments?post=2514"}],"version-history":[{"count":0,"href":"https:\/\/certapro.com\/north-san-diego\/wp-json\/wp\/v2\/pages\/2514\/revisions"}],"wp:attachment":[{"href":"https:\/\/certapro.com\/north-san-diego\/wp-json\/wp\/v2\/media?parent=2514"}],"wp:term":[{"taxonomy":"category","embeddable":true,"href":"https:\/\/certapro.com\/north-san-diego\/wp-json\/wp\/v2\/categories?post=2514"},{"taxonomy":"post_tag","embeddable":true,"href":"https:\/\/certapro.com\/north-san-diego\/wp-json\/wp\/v2\/tags?post=2514"}],"curies":[{"name":"wp","href":"https:\/\/api.w.org\/{rel}","templated":true}]}}